{"id":33,"date":"2012-11-07T00:32:36","date_gmt":"2012-11-06T23:32:36","guid":{"rendered":"http:\/\/jerzymaksymiuk.pl\/en\/?page_id=33"},"modified":"2012-11-07T16:41:15","modified_gmt":"2012-11-07T15:41:15","slug":"links","status":"publish","type":"page","link":"http:\/\/jerzymaksymiuk.pl\/en\/links\/","title":{"rendered":"Links"},"content":{"rendered":"<h4>Fragments of recordings<\/h4>\n<div class=\"one_half first flex_column\"><p><strong>J. Haydn &#8211; Symphony No. 82 in C major \u201eL&#8217;ours&#8221;<\/strong><\/p>\n<p><iframe loading=\"lazy\" title=\"J. Haydn - Symphony No. 82 in C major \u201eL&#039;ours&quot;\" width=\"500\" height=\"375\" src=\"https:\/\/www.youtube.com\/embed\/B9khS--eDUo?feature=oembed\" frameborder=\"0\" allow=\"accelerometer; autoplay; clipboard-write; encrypted-media; gyroscope; picture-in-picture; web-share\" referrerpolicy=\"strict-origin-when-cross-origin\" allowfullscreen><\/iframe><\/p>\n<p><strong>Sinfonietta Cracovia i Polska Orkiestra Sinfonia Iuventus<\/strong><\/p>\n<p><iframe loading=\"lazy\" title=\"Sinfonietta Cracovia i Polska Orkiestra Sinfonia Iuventus\" width=\"500\" height=\"281\" src=\"https:\/\/www.youtube.com\/embed\/n2ivyyOlAqA?feature=oembed\" frameborder=\"0\" allow=\"accelerometer; autoplay; clipboard-write; encrypted-media; gyroscope; picture-in-picture; web-share\" referrerpolicy=\"strict-origin-when-cross-origin\" allowfullscreen><\/iframe><\/p>\n<p><strong>J. Maksymiuk \u2013 w\u0142asna kompozycja &#8220;Sea Fanfares&#8221;<\/strong><\/p>\n<p><iframe loading=\"lazy\" title=\"J. Maksymiuk - &quot;Sea Fanfares&quot;\" width=\"500\" height=\"375\" src=\"https:\/\/www.youtube.com\/embed\/JXkXFLUR-I8?feature=oembed\" frameborder=\"0\" allow=\"accelerometer; autoplay; clipboard-write; encrypted-media; gyroscope; picture-in-picture; web-share\" referrerpolicy=\"strict-origin-when-cross-origin\" allowfullscreen><\/iframe><\/p>\n<p><strong>Jerzy Maksymiuk muzyka do filmu &#8220;Mania&#8221;<\/strong><\/p>\n<p><iframe loading=\"lazy\" title=\"JERZY MAKSYMIUK z orkiestr\u0105 LEOPOLDINUM - &quot;MANIA&quot; ju\u017c wkr\u00f3tce\/ &quot;MANIA&quot; coming soon\" width=\"500\" height=\"281\" src=\"https:\/\/www.youtube.com\/embed\/ORMnuECm8Ns?feature=oembed\" frameborder=\"0\" allow=\"accelerometer; autoplay; clipboard-write; encrypted-media; gyroscope; picture-in-picture; web-share\" referrerpolicy=\"strict-origin-when-cross-origin\" allowfullscreen><\/iframe><\/p>\n<p><strong>S. Prokofiew &#8211; Aleksander Newski: Nr 4 \/ Ch\u00f3r Akademicki UW<\/strong><\/p>\n<p><iframe loading=\"lazy\" title=\"Prokofiev - Alexander Nevsky: Nr 4\" width=\"500\" height=\"375\" src=\"https:\/\/www.youtube.com\/embed\/7MXc1J9cYj0?feature=oembed\" frameborder=\"0\" allow=\"accelerometer; autoplay; clipboard-write; encrypted-media; gyroscope; picture-in-picture; web-share\" referrerpolicy=\"strict-origin-when-cross-origin\" allowfullscreen><\/iframe><\/p>\n<p><strong>E. Elgar &#8211; &#8220;Enigma&#8221; Variations&#8221;, 1st Movement<\/strong><\/p>\n<p><iframe loading=\"lazy\" title=\"E. Elgar - &quot;Enigma&quot; Variations&quot;, 1st Movement\" width=\"500\" height=\"375\" src=\"https:\/\/www.youtube.com\/embed\/rG4_YnCXWDs?feature=oembed\" frameborder=\"0\" allow=\"accelerometer; autoplay; clipboard-write; encrypted-media; gyroscope; picture-in-picture; web-share\" referrerpolicy=\"strict-origin-when-cross-origin\" allowfullscreen><\/iframe><\/p>\n<p><strong>Agata Szymczewska &#8211; Karlowicz Violin Concerto in A major, dyr. Jerzy Maksymiuk<\/strong><\/p>\n<p><iframe loading=\"lazy\" title=\"Agata Szymczewska - Karlowicz Violin Concerto in A major [1\/4]\" width=\"500\" height=\"375\" src=\"https:\/\/www.youtube.com\/embed\/_O7xSg-AOhk?feature=oembed\" frameborder=\"0\" allow=\"accelerometer; autoplay; clipboard-write; encrypted-media; gyroscope; picture-in-picture; web-share\" referrerpolicy=\"strict-origin-when-cross-origin\" allowfullscreen><\/iframe><\/p>\n<\/div>\n<div class=\"one_half  flex_column\"><p><strong>Requiem Faur\u00e9 \u2013 Sanctus<\/strong><\/p>\n<p><iframe loading=\"lazy\" title=\"Requiem Faur\u00e9 - Sanctus\" width=\"500\" height=\"375\" src=\"https:\/\/www.youtube.com\/embed\/AAhJp2Snj5o?feature=oembed\" frameborder=\"0\" allow=\"accelerometer; autoplay; clipboard-write; encrypted-media; gyroscope; picture-in-picture; web-share\" referrerpolicy=\"strict-origin-when-cross-origin\" allowfullscreen><\/iframe><\/p>\n<p><strong>Rachmaninov-Piano Concerto no. 3 in D minor, Op. 30<\/strong><\/p>\n<p><iframe loading=\"lazy\" title=\"Rachmaninov-Piano Concerto no. 3 in D minor, Op. 30, Mov. 1, Part 2\/2\" width=\"500\" height=\"375\" src=\"https:\/\/www.youtube.com\/embed\/zsLsXGp0KJ4?feature=oembed\" frameborder=\"0\" allow=\"accelerometer; autoplay; clipboard-write; encrypted-media; gyroscope; picture-in-picture; web-share\" referrerpolicy=\"strict-origin-when-cross-origin\" allowfullscreen><\/iframe><\/p>\n<p><strong>G\u0142osy G\u00f3r &#8211; Koncert &#8211; Maksymiuk, Olejniczak, Karpiel Bu\u0142ecka<\/strong><\/p>\n<p><iframe loading=\"lazy\" title=\"G\u0141OSY G\u00d3R - Koncert - Maksymiuk, Olejniczak, Karpiel Bu\u0142ecka\" width=\"500\" height=\"281\" src=\"https:\/\/www.youtube.com\/embed\/D4lTu3YRgIM?feature=oembed\" frameborder=\"0\" allow=\"accelerometer; autoplay; clipboard-write; encrypted-media; gyroscope; picture-in-picture; web-share\" referrerpolicy=\"strict-origin-when-cross-origin\" allowfullscreen><\/iframe><\/p>\n<p><strong>Jadwiga Teresa St\u0119pie\u0144 &#8220;El Amor Brujo&#8221; (Manuel de Falla)<\/strong><\/p>\n<p><iframe loading=\"lazy\" title=\"Jadwiga Teresa St\u0119pie\u0144 &quot;El Amor Brujo&quot; (Manuel de Falla)\" width=\"500\" height=\"375\" src=\"https:\/\/www.youtube.com\/embed\/7t2nIaiBOrE?feature=oembed\" frameborder=\"0\" allow=\"accelerometer; autoplay; clipboard-write; encrypted-media; gyroscope; picture-in-picture; web-share\" referrerpolicy=\"strict-origin-when-cross-origin\" allowfullscreen><\/iframe><\/p>\n<p><strong>&#8220;Piosenk\u0119 z nutk\u0105 optymizmu&#8221; kompozycja Maksymiuka<\/strong><\/p>\n<p><iframe loading=\"lazy\" title=\"Magda Welc  - kontert noworoczny\" width=\"500\" height=\"375\" src=\"https:\/\/www.youtube.com\/embed\/3uuGYaRq2qw?feature=oembed\" frameborder=\"0\" allow=\"accelerometer; autoplay; clipboard-write; encrypted-media; gyroscope; picture-in-picture; web-share\" referrerpolicy=\"strict-origin-when-cross-origin\" allowfullscreen><\/iframe><\/p>\n<p><strong>F. Poulenc &#8211; &#8220;Gloria&#8221; for soprano, mixed choir and orchestra<\/strong><\/p>\n<p><iframe loading=\"lazy\" title=\"F. Poulenc - &quot;Gloria&quot; for soprano, mixed choir and orchestra, 1st Movement\" width=\"500\" height=\"375\" src=\"https:\/\/www.youtube.com\/embed\/_wu765JgLUo?feature=oembed\" frameborder=\"0\" allow=\"accelerometer; autoplay; clipboard-write; encrypted-media; gyroscope; picture-in-picture; web-share\" referrerpolicy=\"strict-origin-when-cross-origin\" allowfullscreen><\/iframe><\/p>\n<p><strong>&#8220;Po romansie&#8221; muz. Jerzy Maksymiuk, \u015bpiew Joanna Trzepieci\u0144ska<\/strong><\/p>\n<p><iframe loading=\"lazy\" title=\"Joanna Trzepieci\u0144ska - &quot;Po romansie&quot;\" width=\"500\" height=\"375\" src=\"https:\/\/www.youtube.com\/embed\/blw6ogrei1k?feature=oembed\" frameborder=\"0\" allow=\"accelerometer; autoplay; clipboard-write; encrypted-media; gyroscope; picture-in-picture; web-share\" referrerpolicy=\"strict-origin-when-cross-origin\" allowfullscreen><\/iframe><\/p>\n<p><strong>Karol Szymanowski &#8211; Violin Concerto No. 1, Op. 35 (Konstanty Kulka, violin)<\/strong><\/p>\n<p>http:\/\/www.youtube.com\/watch?v=KH7vhBVnwIc<\/p>\n<\/div>\n<div class='hr '><div class='hr_content'><a href=\"#top\" class=\"scrollTop\">top<\/a><\/div> <span class='hr_inner'><\/span><\/div>\n<p><strong>Info about Jerzy Maksymiuk<\/strong><\/p>\n<p><strong>Culture<\/strong><\/p>\n<p><a href=\"http:\/\/www.culture.pl\/baza-muzyka-pelna-tresc\/-\/eo_event_asset_publisher\/eAN5\/content\/jerzy-maksymiuk\">http:\/\/www.culture.pl\/baza-muzyka-pelna-tresc\/-\/eo_event_asset_publisher\/eAN5\/content\/jerzy-maksymiuk<\/a><\/p>\n<p><strong>Wikipedia<\/strong><\/p>\n<p><a href=\"http:\/\/pl.wikipedia.org\/wiki\/Jerzy_Maksymiuk\">http:\/\/pl.wikipedia.org\/wiki\/Jerzy_Maksymiuk<\/a><\/p>\n<p><strong>Online Stores<\/strong><\/p>\n<p><strong>Merlin<\/strong><\/p>\n<p><a href=\"http:\/\/merlin.pl\/muzyka\/browse\/section\/4.html\">http:\/\/merlin.pl\/muzyka\/browse\/section\/4.html<\/a><\/p>\n<p><strong>Empik<\/strong><\/p>\n<p><a href=\"http:\/\/www.empik.com\/muzyka\/klasyczna\">http:\/\/www.empik.com\/muzyka\/klasyczna<\/a><\/p>\n<p><strong>Bearton<\/strong><\/p>\n<p><a href=\"http:\/\/www.bearton.pl\/index.php?option=com_content&amp;view=article&amp;id=169&amp;Itemid=76&amp;lang=pl\">http:\/\/www.bearton.pl\/index.php?option=com_content&amp;view=article&amp;id=169&amp;Itemid=76&amp;lang=pl<\/a><\/p>\n<p><strong>Amazon<\/strong><\/p>\n<p><a href=\"http:\/\/www.amazon.com\/gp\/search\/ref=sr_nr_scat_85_ln?rh=n%3A85%2Ck%3Aclassic+music&amp;keywords=classic+music&amp;ie=UTF8&amp;qid=1345711344&amp;scn=85&amp;h=36e0cf3ab5410d4e3dfb32c69dac39f49648923d\">http:\/\/www.amazon.com\/gp\/search\/ref=sr_nr_scat_85_ln?rh=n%3A85%2Ck%3Aclassic+music&amp;keywords=classic+music&amp;ie=UTF8&amp;qid=1345711344&amp;scn=85&amp;h=36e0cf3ab5410d4e3dfb32c69dac39f49648923d<\/a><\/p>\n<p>&nbsp;<\/p>\n","protected":false},"excerpt":{"rendered":"<p>Fragments of recordings Info about Jerzy Maksymiuk Culture http:\/\/www.culture.pl\/baza-muzyka-pelna-tresc\/-\/eo_event_asset_publisher\/eAN5\/content\/jerzy-maksymiuk Wikipedia http:\/\/pl.wikipedia.org\/wiki\/Jerzy_Maksymiuk Online Stores Merlin http:\/\/merlin.pl\/muzyka\/browse\/section\/4.html Empik http:\/\/www.empik.com\/muzyka\/klasyczna Bearton http:\/\/www.bearton.pl\/index.php?option=com_content&amp;view=article&amp;id=169&amp;Itemid=76&amp;lang=pl Amazon http:\/\/www.amazon.com\/gp\/search\/ref=sr_nr_scat_85_ln?rh=n%3A85%2Ck%3Aclassic+music&amp;keywords=classic+music&amp;ie=UTF8&amp;qid=1345711344&amp;scn=85&amp;h=36e0cf3ab5410d4e3dfb32c69dac39f49648923d &nbsp;<\/p>\n","protected":false},"author":1,"featured_media":0,"parent":0,"menu_order":8,"comment_status":"open","ping_status":"open","template":"","meta":{"ngg_post_thumbnail":0,"footnotes":""},"class_list":["post-33","page","type-page","status-publish","hentry"],"_links":{"self":[{"href":"http:\/\/jerzymaksymiuk.pl\/en\/wp-json\/wp\/v2\/pages\/33","targetHints":{"allow":["GET"]}}],"collection":[{"href":"http:\/\/jerzymaksymiuk.pl\/en\/wp-json\/wp\/v2\/pages"}],"about":[{"href":"http:\/\/jerzymaksymiuk.pl\/en\/wp-json\/wp\/v2\/types\/page"}],"author":[{"embeddable":true,"href":"http:\/\/jerzymaksymiuk.pl\/en\/wp-json\/wp\/v2\/users\/1"}],"replies":[{"embeddable":true,"href":"http:\/\/jerzymaksymiuk.pl\/en\/wp-json\/wp\/v2\/comments?post=33"}],"version-history":[{"count":2,"href":"http:\/\/jerzymaksymiuk.pl\/en\/wp-json\/wp\/v2\/pages\/33\/revisions"}],"predecessor-version":[{"id":105,"href":"http:\/\/jerzymaksymiuk.pl\/en\/wp-json\/wp\/v2\/pages\/33\/revisions\/105"}],"wp:attachment":[{"href":"http:\/\/jerzymaksymiuk.pl\/en\/wp-json\/wp\/v2\/media?parent=33"}],"curies":[{"name":"wp","href":"https:\/\/api.w.org\/{rel}","templated":true}]}}