{"id":27,"date":"2012-11-07T00:30:32","date_gmt":"2012-11-06T23:30:32","guid":{"rendered":"http:\/\/jerzymaksymiuk.pl\/en\/?page_id=27"},"modified":"2012-11-07T16:38:39","modified_gmt":"2012-11-07T15:38:39","slug":"books","status":"publish","type":"page","link":"http:\/\/jerzymaksymiuk.pl\/en\/media\/books\/","title":{"rendered":"Books"},"content":{"rendered":"<p><span style=\"font-size: large;\"><strong>Books<\/strong><\/span><\/p>\n<p><span style=\"font-size: medium;\">Anna Grzejewska: <\/span><span style=\"font-size: medium;\"><em>Ten wariat Maksymiuk,<\/em><\/span><span style=\"font-size: medium;\"> Oficyna Wydawnicza Twoja Ksi\u0105\u017cka Bia\u0142ystok, 1994<\/span><\/p>\n<p><span style=\"font-size: medium;\">Zbiorowe pod red. Daniela Bo\u0107kowskiego i Jana Kwaskowskiego<\/span><span style=\"font-size: medium;\"><em>: Bia\u0142ostoczanie XX wieku,<\/em><\/span><span style=\"font-size: medium;\"> Ksi\u0105\u017cnica Podlaska Bia\u0142ystok, 2000<\/span><\/p>\n<p><span style=\"font-size: medium;\">Jerzy Maksymiuk\/Ewa Piasecka: <\/span><span style=\"font-size: medium;\"><em>Maksymiuk na maksa,<\/em><\/span><span style=\"font-size: medium;\"> \u015awiat Literacki, 2002<\/span><\/p>\n<p><span style=\"font-size: medium;\">Piotr Dzi\u0119cio\u0142owski: <\/span><span style=\"font-size: medium;\"><em>Historie przedmiotami pisane<\/em><\/span><span style=\"font-size: medium;\">, Oficyna Wydawnicza Rytm, 2005<\/span><\/p>\n<p><span style=\"font-size: medium;\">Zbiorowe: Honorowi Obywatele Miasta Bia\u0142egostoku. Polskie Towarzystwo Historyczne oddzia\u0142 w Bia\u0142ymstoku, 2006<\/span><\/p>\n<p><span style=\"font-size: medium;\">Dariusz Zaborek : <\/span><span style=\"font-size: medium;\"><em>\u017bycie Przewodnik praktyczny 10 wywiad\u00f3w Du\u017cego Formatu<\/em><\/span><span style=\"font-size: medium;\">, Agora 2011<\/span><\/p>\n<p><span style=\"font-size: medium;\">Jerzy Maksymiuk. Leszek M\u0105dzik .Ignacy Karpowicz, Tomasz R\u00f3\u017cycki: <\/span><span style=\"font-size: medium;\"><em>Polska na cztery r\u0119ce, <\/em>Charaktery Kielce 2012<\/span><br \/>\n<div class='hr '> <span class='hr_inner'><\/span><\/div><\/p>\n<p><a href=\"http:\/\/www.jerzymaksymiuk.pl\/wp-content\/uploads\/Felietony-Maksymiuka.jpg\"><img loading=\"lazy\" decoding=\"async\" class=\"alignnone size-full wp-image-225\" title=\"Felietony-Maksymiuka\" src=\"http:\/\/www.jerzymaksymiuk.pl\/wp-content\/uploads\/Felietony-Maksymiuka.jpg\" alt=\"\" width=\"349\" height=\"500\" \/><\/a><br \/>\n<div class='hr '><div class='hr_content'><a href=\"#top\" class=\"scrollTop\">top<\/a><\/div> <span class='hr_inner'><\/span><\/div><\/p>\n<p><a href=\"http:\/\/www.jerzymaksymiuk.pl\/wp-content\/uploads\/AnnaGrzejewska.jpg\"><img loading=\"lazy\" decoding=\"async\" class=\"alignnone size-full wp-image-227\" title=\"AnnaGrzejewska\" src=\"http:\/\/www.jerzymaksymiuk.pl\/wp-content\/uploads\/AnnaGrzejewska.jpg\" alt=\"\" width=\"375\" height=\"550\" \/><\/a><br \/>\n<div class='hr '><div class='hr_content'><a href=\"#top\" class=\"scrollTop\">top<\/a><\/div> <span class='hr_inner'><\/span><\/div><\/p>\n<p><a href=\"http:\/\/www.jerzymaksymiuk.pl\/wp-content\/uploads\/maksymiuknamaksa.jpg\"><img loading=\"lazy\" decoding=\"async\" class=\"alignnone size-full wp-image-228\" title=\"maksymiuknamaksa\" src=\"http:\/\/www.jerzymaksymiuk.pl\/wp-content\/uploads\/maksymiuknamaksa.jpg\" alt=\"\" width=\"520\" height=\"550\" \/><\/a><\/p>\n<p>&nbsp;<\/p>\n<p>&nbsp;<\/p>\n","protected":false},"excerpt":{"rendered":"<p>Books Anna Grzejewska: Ten wariat Maksymiuk, Oficyna Wydawnicza Twoja Ksi\u0105\u017cka Bia\u0142ystok, 1994 Zbiorowe pod red. Daniela Bo\u0107kowskiego i Jana Kwaskowskiego: Bia\u0142ostoczanie XX wieku, Ksi\u0105\u017cnica Podlaska Bia\u0142ystok, 2000 Jerzy Maksymiuk\/Ewa Piasecka: Maksymiuk na maksa, \u015awiat Literacki, 2002 Piotr Dzi\u0119cio\u0142owski: Historie przedmiotami pisane, Oficyna Wydawnicza Rytm, 2005 Zbiorowe: Honorowi Obywatele Miasta Bia\u0142egostoku. Polskie Towarzystwo Historyczne oddzia\u0142 w [&hellip;]<\/p>\n","protected":false},"author":1,"featured_media":0,"parent":20,"menu_order":3,"comment_status":"open","ping_status":"open","template":"","meta":{"ngg_post_thumbnail":0,"footnotes":""},"class_list":["post-27","page","type-page","status-publish","hentry"],"_links":{"self":[{"href":"http:\/\/jerzymaksymiuk.pl\/en\/wp-json\/wp\/v2\/pages\/27","targetHints":{"allow":["GET"]}}],"collection":[{"href":"http:\/\/jerzymaksymiuk.pl\/en\/wp-json\/wp\/v2\/pages"}],"about":[{"href":"http:\/\/jerzymaksymiuk.pl\/en\/wp-json\/wp\/v2\/types\/page"}],"author":[{"embeddable":true,"href":"http:\/\/jerzymaksymiuk.pl\/en\/wp-json\/wp\/v2\/users\/1"}],"replies":[{"embeddable":true,"href":"http:\/\/jerzymaksymiuk.pl\/en\/wp-json\/wp\/v2\/comments?post=27"}],"version-history":[{"count":2,"href":"http:\/\/jerzymaksymiuk.pl\/en\/wp-json\/wp\/v2\/pages\/27\/revisions"}],"predecessor-version":[{"id":103,"href":"http:\/\/jerzymaksymiuk.pl\/en\/wp-json\/wp\/v2\/pages\/27\/revisions\/103"}],"up":[{"embeddable":true,"href":"http:\/\/jerzymaksymiuk.pl\/en\/wp-json\/wp\/v2\/pages\/20"}],"wp:attachment":[{"href":"http:\/\/jerzymaksymiuk.pl\/en\/wp-json\/wp\/v2\/media?parent=27"}],"curies":[{"name":"wp","href":"https:\/\/api.w.org\/{rel}","templated":true}]}}