{"id":25,"date":"2012-11-07T00:30:14","date_gmt":"2012-11-06T23:30:14","guid":{"rendered":"http:\/\/jerzymaksymiuk.pl\/en\/?page_id=25"},"modified":"2012-11-07T16:37:06","modified_gmt":"2012-11-07T15:37:06","slug":"selected-features-interviews","status":"publish","type":"page","link":"http:\/\/jerzymaksymiuk.pl\/en\/media\/selected-features-interviews\/","title":{"rendered":"Selected features &#038; interviews"},"content":{"rendered":"<h3>Selected features &#038; interviews<\/h3>\n<p>Janusz Ekiert: Pod patronatem Vivaldiego<\/p>\n<p>Zdzis\u0142aw Sierpi\u0144ski: MAKSYMIUK I JEGO ORKIESTRA Zycie Warszawy nr 285 1 grudnia 1978<\/p>\n<p>Jerzy Waldorff: Kamerali\u015bci Polityka nr 13 z 21 marca 1979<\/p>\n<p>Hanna Karolak: Alchemia d\u017awi\u0119ku Literatura Nr 35 z sierpnia 1979<\/p>\n<p>Izabella Bodnar: <em>Smyczek nad strun\u0105, prosz\u0119<\/em> Student z 17-30 maja 1979<\/p>\n<p>Marek Lenhert: <em>Koncert w Castel Gandolfo<\/em> Tygodnik Powszechny Nr 33 z 14 sierpnia 1983<\/p>\n<p>Zdzis\u0142aw Sierpi\u0144ski: <em>Cz\u0142owiek, kt\u00f3ry ca\u0142y jest muzyk\u0105<\/em> \u017bycie Warszawy nr 189 z 15-16 sierpnia 1989<\/p>\n<p>Pawe\u0142 Kwiatkowski: W sejmie orkiestra mo\u017ce przeg\u0142osowa\u0107 dyrygenta, w Sali koncertowej \u2013 nie. Gentleman nr2 grudzie\u0144 97- stycze\u0144 97<\/p>\n<p>Bronis\u0142aw Tumi\u0142owicz: <em>Maksymalista Maksymiuk<\/em>, Przegl\u0105d z 22 czerwca 2006<\/p>\n<p>Joanna Tomczak<em>: Jerzy Maksymiuk Lubi nieporz\u0105dek a nie porz\u0105dek<\/em>, Stolica nr 32 z 23 listopada 2002<\/p>\n<p>Maciej Wery\u0144ski: Prawdziwych dyrygent\u00f3w jest coraz mniej \u017bycie Warszawy nr 193 z 20 sierpnia 2002<\/p>\n<p>Dariusz Zaborek: <em>Diabe\u0142 jest we mnie<\/em>, Gazeta Wyborcza Du\u017cy Format Nr 36\/795 z 15 wrze\u015bnia 2008 r.<\/p>\n<p>Aleksandra Bi\u0144kowska: <em>Chc\u0119 gra\u0107, nie gada\u0107<\/em>, Malemen , marzec 2012<\/p>\n<p>Joanna Cie\u015blik \u2013 Klauza: <em>Jerzy Maksymiuk<\/em>, Aspiracje Pismo Warszawskich Uczelni Artystycznych 2012<\/p>\n<p>Joanna Cie\u015blik \u2013 Klauza<em>: Pola Negri na nowo<\/em>, Twoja Muza z lutego 2012<\/p>\n<p>Agnieszka Malaty\u0144ska \u2013 Stankiewicz<em>: Zegarmistrz orkiestry,<\/em> Dziennik Polski z 10 lutego 2012<\/p>\n","protected":false},"excerpt":{"rendered":"<p>Selected features &#038; interviews Janusz Ekiert: Pod patronatem Vivaldiego Zdzis\u0142aw Sierpi\u0144ski: MAKSYMIUK I JEGO ORKIESTRA Zycie Warszawy nr 285 1 grudnia 1978 Jerzy Waldorff: Kamerali\u015bci Polityka nr 13 z 21 marca 1979 Hanna Karolak: Alchemia d\u017awi\u0119ku Literatura Nr 35 z sierpnia 1979 Izabella Bodnar: Smyczek nad strun\u0105, prosz\u0119 Student z 17-30 maja 1979 Marek Lenhert: [&hellip;]<\/p>\n","protected":false},"author":1,"featured_media":0,"parent":20,"menu_order":2,"comment_status":"open","ping_status":"open","template":"","meta":{"ngg_post_thumbnail":0,"footnotes":""},"class_list":["post-25","page","type-page","status-publish","hentry"],"_links":{"self":[{"href":"http:\/\/jerzymaksymiuk.pl\/en\/wp-json\/wp\/v2\/pages\/25","targetHints":{"allow":["GET"]}}],"collection":[{"href":"http:\/\/jerzymaksymiuk.pl\/en\/wp-json\/wp\/v2\/pages"}],"about":[{"href":"http:\/\/jerzymaksymiuk.pl\/en\/wp-json\/wp\/v2\/types\/page"}],"author":[{"embeddable":true,"href":"http:\/\/jerzymaksymiuk.pl\/en\/wp-json\/wp\/v2\/users\/1"}],"replies":[{"embeddable":true,"href":"http:\/\/jerzymaksymiuk.pl\/en\/wp-json\/wp\/v2\/comments?post=25"}],"version-history":[{"count":2,"href":"http:\/\/jerzymaksymiuk.pl\/en\/wp-json\/wp\/v2\/pages\/25\/revisions"}],"predecessor-version":[{"id":102,"href":"http:\/\/jerzymaksymiuk.pl\/en\/wp-json\/wp\/v2\/pages\/25\/revisions\/102"}],"up":[{"embeddable":true,"href":"http:\/\/jerzymaksymiuk.pl\/en\/wp-json\/wp\/v2\/pages\/20"}],"wp:attachment":[{"href":"http:\/\/jerzymaksymiuk.pl\/en\/wp-json\/wp\/v2\/media?parent=25"}],"curies":[{"name":"wp","href":"https:\/\/api.w.org\/{rel}","templated":true}]}}