{"id":22,"date":"2012-11-07T00:29:22","date_gmt":"2012-11-06T23:29:22","guid":{"rendered":"http:\/\/jerzymaksymiuk.pl\/en\/?page_id=22"},"modified":"2012-11-07T16:35:06","modified_gmt":"2012-11-07T15:35:06","slug":"selected-reviews","status":"publish","type":"page","link":"http:\/\/jerzymaksymiuk.pl\/en\/media\/selected-reviews\/","title":{"rendered":"Selected reviews"},"content":{"rendered":"<h3>Selected reviews<\/h3>\n<!-- index.php -->\n<div\n\tclass=\"ngg-galleryoverview ngg-ajax-pagination-none\"\n\tid=\"ngg-gallery-185c7f2dec16fc7d22c415032e34c14a-1\">\n\n    \t\t<!-- Thumbnails -->\n\t\t\t\t<div id=\"ngg-image-0\" class=\"ngg-gallery-thumbnail-box\" >\n\t\t\t\t        <div class=\"ngg-gallery-thumbnail\">\n            <a href=\"http:\/\/jerzymaksymiuk.pl\/en\/wp-content\/blogs.dir\/2\/files\/reviews\/1.jpg\"\n               title=\"1. Harold Schonberg (New York Times 1-10-1976)\"\n               data-src=\"http:\/\/jerzymaksymiuk.pl\/en\/wp-content\/blogs.dir\/2\/files\/reviews\/1.jpg\"\n               data-thumbnail=\"http:\/\/jerzymaksymiuk.pl\/en\/wp-content\/blogs.dir\/2\/files\/reviews\/thumbs\/thumbs_1.jpg\"\n               data-image-id=\"60\"\n               data-title=\"1. Harold Schonberg (New York Times 1-10-1976)\"\n               data-description=\"1. Harold Schonberg (New York Times 1-10-1976)\"\n               data-image-slug=\"1-harold-schonberg-new-york-times-1-10-1976\"\n               class=\"ngg-fancybox\" rel=\"185c7f2dec16fc7d22c415032e34c14a\">\n                <img\n                    title=\"1. Harold Schonberg (New York Times 1-10-1976)\"\n                    alt=\"1. Harold Schonberg (New York Times 1-10-1976)\"\n                    src=\"http:\/\/jerzymaksymiuk.pl\/en\/wp-content\/blogs.dir\/2\/files\/reviews\/thumbs\/thumbs_1.jpg\"\n                    width=\"170\"\n                    height=\"170\"\n                    style=\"max-width:100%;\"\n                \/>\n            <\/a>\n        <\/div>\n\t\t\t\t\t\t\t<\/div> \n\t\t\t\n        \n\t\t\t\t<div id=\"ngg-image-1\" class=\"ngg-gallery-thumbnail-box\" >\n\t\t\t\t        <div class=\"ngg-gallery-thumbnail\">\n            <a href=\"http:\/\/jerzymaksymiuk.pl\/en\/wp-content\/blogs.dir\/2\/files\/reviews\/10.jpg\"\n               title=\"10. Paul Driver (Financial Times 08-08-1992)\"\n               data-src=\"http:\/\/jerzymaksymiuk.pl\/en\/wp-content\/blogs.dir\/2\/files\/reviews\/10.jpg\"\n               data-thumbnail=\"http:\/\/jerzymaksymiuk.pl\/en\/wp-content\/blogs.dir\/2\/files\/reviews\/thumbs\/thumbs_10.jpg\"\n               data-image-id=\"61\"\n               data-title=\"10. Paul Driver (Financial Times 08-08-1992)\"\n               data-description=\"10. Paul Driver (Financial Times 08-08-1992)\"\n               data-image-slug=\"10-paul-driver-financial-times-08-08-1992\"\n               class=\"ngg-fancybox\" rel=\"185c7f2dec16fc7d22c415032e34c14a\">\n                <img\n                    title=\"10. Paul Driver (Financial Times 08-08-1992)\"\n                    alt=\"10. Paul Driver (Financial Times 08-08-1992)\"\n                    src=\"http:\/\/jerzymaksymiuk.pl\/en\/wp-content\/blogs.dir\/2\/files\/reviews\/thumbs\/thumbs_10.jpg\"\n                    width=\"170\"\n                    height=\"170\"\n                    style=\"max-width:100%;\"\n                \/>\n            <\/a>\n        <\/div>\n\t\t\t\t\t\t\t<\/div> \n\t\t\t\n        \n\t\t\t\t<div id=\"ngg-image-2\" class=\"ngg-gallery-thumbnail-box\" >\n\t\t\t\t        <div class=\"ngg-gallery-thumbnail\">\n            <a href=\"http:\/\/jerzymaksymiuk.pl\/en\/wp-content\/blogs.dir\/2\/files\/reviews\/11.jpg\"\n               title=\"11. Stephen Johnson (The Independent 08-08-1992)\"\n               data-src=\"http:\/\/jerzymaksymiuk.pl\/en\/wp-content\/blogs.dir\/2\/files\/reviews\/11.jpg\"\n               data-thumbnail=\"http:\/\/jerzymaksymiuk.pl\/en\/wp-content\/blogs.dir\/2\/files\/reviews\/thumbs\/thumbs_11.jpg\"\n               data-image-id=\"62\"\n               data-title=\"11. Stephen Johnson (The Independent 08-08-1992)\"\n               data-description=\"11. Stephen Johnson (The Independent 08-08-1992)\"\n               data-image-slug=\"11-stephen-johnson-the-independent-08-08-1992\"\n               class=\"ngg-fancybox\" rel=\"185c7f2dec16fc7d22c415032e34c14a\">\n                <img\n                    title=\"11. Stephen Johnson (The Independent 08-08-1992)\"\n                    alt=\"11. Stephen Johnson (The Independent 08-08-1992)\"\n                    src=\"http:\/\/jerzymaksymiuk.pl\/en\/wp-content\/blogs.dir\/2\/files\/reviews\/thumbs\/thumbs_11.jpg\"\n                    width=\"170\"\n                    height=\"170\"\n                    style=\"max-width:100%;\"\n                \/>\n            <\/a>\n        <\/div>\n\t\t\t\t\t\t\t<\/div> \n\t\t\t\n        \n\t\t\t\t<div id=\"ngg-image-3\" class=\"ngg-gallery-thumbnail-box\" >\n\t\t\t\t        <div class=\"ngg-gallery-thumbnail\">\n            <a href=\"http:\/\/jerzymaksymiuk.pl\/en\/wp-content\/blogs.dir\/2\/files\/reviews\/12.jpg\"\n               title=\"12. Stephen Johnson (The Scotsman 10-05-1999)\"\n               data-src=\"http:\/\/jerzymaksymiuk.pl\/en\/wp-content\/blogs.dir\/2\/files\/reviews\/12.jpg\"\n               data-thumbnail=\"http:\/\/jerzymaksymiuk.pl\/en\/wp-content\/blogs.dir\/2\/files\/reviews\/thumbs\/thumbs_12.jpg\"\n               data-image-id=\"63\"\n               data-title=\"12. Stephen Johnson (The Scotsman 10-05-1999)\"\n               data-description=\"12. Stephen Johnson (The Scotsman 10-05-1999)\"\n               data-image-slug=\"12-stephen-johnson-the-scotsman-10-05-1999\"\n               class=\"ngg-fancybox\" rel=\"185c7f2dec16fc7d22c415032e34c14a\">\n                <img\n                    title=\"12. Stephen Johnson (The Scotsman 10-05-1999)\"\n                    alt=\"12. Stephen Johnson (The Scotsman 10-05-1999)\"\n                    src=\"http:\/\/jerzymaksymiuk.pl\/en\/wp-content\/blogs.dir\/2\/files\/reviews\/thumbs\/thumbs_12.jpg\"\n                    width=\"170\"\n                    height=\"170\"\n                    style=\"max-width:100%;\"\n                \/>\n            <\/a>\n        <\/div>\n\t\t\t\t\t\t\t<\/div> \n\t\t\t\n        \n\t\t\t\t<div id=\"ngg-image-4\" class=\"ngg-gallery-thumbnail-box\" >\n\t\t\t\t        <div class=\"ngg-gallery-thumbnail\">\n            <a href=\"http:\/\/jerzymaksymiuk.pl\/en\/wp-content\/blogs.dir\/2\/files\/reviews\/13.jpg\"\n               title=\"13. Kacper Miklaszewski (Ruch Muzyczny Nr 26 - 2001)\"\n               data-src=\"http:\/\/jerzymaksymiuk.pl\/en\/wp-content\/blogs.dir\/2\/files\/reviews\/13.jpg\"\n               data-thumbnail=\"http:\/\/jerzymaksymiuk.pl\/en\/wp-content\/blogs.dir\/2\/files\/reviews\/thumbs\/thumbs_13.jpg\"\n               data-image-id=\"64\"\n               data-title=\"13. Kacper Miklaszewski (Ruch Muzyczny Nr 26 - 2001)\"\n               data-description=\"13. Kacper Miklaszewski (Ruch Muzyczny Nr 26 - 2001)\"\n               data-image-slug=\"13-kacper-miklaszewski-ruch-muzyczny-nr-26-2001\"\n               class=\"ngg-fancybox\" rel=\"185c7f2dec16fc7d22c415032e34c14a\">\n                <img\n                    title=\"13. Kacper Miklaszewski (Ruch Muzyczny Nr 26 - 2001)\"\n                    alt=\"13. Kacper Miklaszewski (Ruch Muzyczny Nr 26 - 2001)\"\n                    src=\"http:\/\/jerzymaksymiuk.pl\/en\/wp-content\/blogs.dir\/2\/files\/reviews\/thumbs\/thumbs_13.jpg\"\n                    width=\"170\"\n                    height=\"170\"\n                    style=\"max-width:100%;\"\n                \/>\n            <\/a>\n        <\/div>\n\t\t\t\t\t\t\t<\/div> \n\t\t\t\n        \n\t\t\t\t<div id=\"ngg-image-5\" class=\"ngg-gallery-thumbnail-box\" >\n\t\t\t\t        <div class=\"ngg-gallery-thumbnail\">\n            <a href=\"http:\/\/jerzymaksymiuk.pl\/en\/wp-content\/blogs.dir\/2\/files\/reviews\/14.jpg\"\n               title=\"14. Kenny Methieson (The Herald 11-05-2001)\"\n               data-src=\"http:\/\/jerzymaksymiuk.pl\/en\/wp-content\/blogs.dir\/2\/files\/reviews\/14.jpg\"\n               data-thumbnail=\"http:\/\/jerzymaksymiuk.pl\/en\/wp-content\/blogs.dir\/2\/files\/reviews\/thumbs\/thumbs_14.jpg\"\n               data-image-id=\"65\"\n               data-title=\"14. Kenny Methieson (The Herald 11-05-2001)\"\n               data-description=\"14. Kenny Methieson (The Herald 11-05-2001)\"\n               data-image-slug=\"14-kenny-methieson-the-herald-11-05-2001\"\n               class=\"ngg-fancybox\" rel=\"185c7f2dec16fc7d22c415032e34c14a\">\n                <img\n                    title=\"14. Kenny Methieson (The Herald 11-05-2001)\"\n                    alt=\"14. Kenny Methieson (The Herald 11-05-2001)\"\n                    src=\"http:\/\/jerzymaksymiuk.pl\/en\/wp-content\/blogs.dir\/2\/files\/reviews\/thumbs\/thumbs_14.jpg\"\n                    width=\"170\"\n                    height=\"170\"\n                    style=\"max-width:100%;\"\n                \/>\n            <\/a>\n        <\/div>\n\t\t\t\t\t\t\t<\/div> \n\t\t\t\n        \n\t\t\t\t<div id=\"ngg-image-6\" class=\"ngg-gallery-thumbnail-box\" >\n\t\t\t\t        <div class=\"ngg-gallery-thumbnail\">\n            <a href=\"http:\/\/jerzymaksymiuk.pl\/en\/wp-content\/blogs.dir\/2\/files\/reviews\/15.jpg\"\n               title=\"15. Michael Tumelty (The Herald)\"\n               data-src=\"http:\/\/jerzymaksymiuk.pl\/en\/wp-content\/blogs.dir\/2\/files\/reviews\/15.jpg\"\n               data-thumbnail=\"http:\/\/jerzymaksymiuk.pl\/en\/wp-content\/blogs.dir\/2\/files\/reviews\/thumbs\/thumbs_15.jpg\"\n               data-image-id=\"66\"\n               data-title=\"15. Michael Tumelty (The Herald)\"\n               data-description=\"15. Michael Tumelty (The Herald)\"\n               data-image-slug=\"15-michael-tumelty-the-herald\"\n               class=\"ngg-fancybox\" rel=\"185c7f2dec16fc7d22c415032e34c14a\">\n                <img\n                    title=\"15. Michael Tumelty (The Herald)\"\n                    alt=\"15. Michael Tumelty (The Herald)\"\n                    src=\"http:\/\/jerzymaksymiuk.pl\/en\/wp-content\/blogs.dir\/2\/files\/reviews\/thumbs\/thumbs_15.jpg\"\n                    width=\"170\"\n                    height=\"170\"\n                    style=\"max-width:100%;\"\n                \/>\n            <\/a>\n        <\/div>\n\t\t\t\t\t\t\t<\/div> \n\t\t\t\n        \n\t\t\t\t<div id=\"ngg-image-7\" class=\"ngg-gallery-thumbnail-box\" >\n\t\t\t\t        <div class=\"ngg-gallery-thumbnail\">\n            <a href=\"http:\/\/jerzymaksymiuk.pl\/en\/wp-content\/blogs.dir\/2\/files\/reviews\/2.jpg\"\n               title=\"2. Janusz Ekiert (\u017bycie Warszawy 1977)\"\n               data-src=\"http:\/\/jerzymaksymiuk.pl\/en\/wp-content\/blogs.dir\/2\/files\/reviews\/2.jpg\"\n               data-thumbnail=\"http:\/\/jerzymaksymiuk.pl\/en\/wp-content\/blogs.dir\/2\/files\/reviews\/thumbs\/thumbs_2.jpg\"\n               data-image-id=\"67\"\n               data-title=\"2. Janusz Ekiert (\u017bycie Warszawy 1977)\"\n               data-description=\"2. Janusz Ekiert (\u017bycie Warszawy 1977)\"\n               data-image-slug=\"2-janusz-ekiert-zycie-warszawy-1977\"\n               class=\"ngg-fancybox\" rel=\"185c7f2dec16fc7d22c415032e34c14a\">\n                <img\n                    title=\"2. Janusz Ekiert (\u017bycie Warszawy 1977)\"\n                    alt=\"2. Janusz Ekiert (\u017bycie Warszawy 1977)\"\n                    src=\"http:\/\/jerzymaksymiuk.pl\/en\/wp-content\/blogs.dir\/2\/files\/reviews\/thumbs\/thumbs_2.jpg\"\n                    width=\"170\"\n                    height=\"170\"\n                    style=\"max-width:100%;\"\n                \/>\n            <\/a>\n        <\/div>\n\t\t\t\t\t\t\t<\/div> \n\t\t\t\n        \n\t\t\t\t<div id=\"ngg-image-8\" class=\"ngg-gallery-thumbnail-box\" >\n\t\t\t\t        <div class=\"ngg-gallery-thumbnail\">\n            <a href=\"http:\/\/jerzymaksymiuk.pl\/en\/wp-content\/blogs.dir\/2\/files\/reviews\/3.jpg\"\n               title=\"3. Zdzis\u0142aw Sierpi\u0144ski - (\u017bycie Warszawy nr 189, 15-08-1981)\"\n               data-src=\"http:\/\/jerzymaksymiuk.pl\/en\/wp-content\/blogs.dir\/2\/files\/reviews\/3.jpg\"\n               data-thumbnail=\"http:\/\/jerzymaksymiuk.pl\/en\/wp-content\/blogs.dir\/2\/files\/reviews\/thumbs\/thumbs_3.jpg\"\n               data-image-id=\"68\"\n               data-title=\"3. Zdzis\u0142aw Sierpi\u0144ski - (\u017bycie Warszawy nr 189, 15-08-1981)\"\n               data-description=\"3. Zdzis\u0142aw Sierpi\u0144ski - (\u017bycie Warszawy nr 189, 15-08-1981)\"\n               data-image-slug=\"3-zdzislaw-sierpinski-zycie-warszawy-nr-189-15-08-1981\"\n               class=\"ngg-fancybox\" rel=\"185c7f2dec16fc7d22c415032e34c14a\">\n                <img\n                    title=\"3. Zdzis\u0142aw Sierpi\u0144ski - (\u017bycie Warszawy nr 189, 15-08-1981)\"\n                    alt=\"3. Zdzis\u0142aw Sierpi\u0144ski - (\u017bycie Warszawy nr 189, 15-08-1981)\"\n                    src=\"http:\/\/jerzymaksymiuk.pl\/en\/wp-content\/blogs.dir\/2\/files\/reviews\/thumbs\/thumbs_3.jpg\"\n                    width=\"170\"\n                    height=\"170\"\n                    style=\"max-width:100%;\"\n                \/>\n            <\/a>\n        <\/div>\n\t\t\t\t\t\t\t<\/div> \n\t\t\t\n        \n\t\t\t\t<div id=\"ngg-image-9\" class=\"ngg-gallery-thumbnail-box\" >\n\t\t\t\t        <div class=\"ngg-gallery-thumbnail\">\n            <a href=\"http:\/\/jerzymaksymiuk.pl\/en\/wp-content\/blogs.dir\/2\/files\/reviews\/4.jpg\"\n               title=\"4. Anthony Payne (The Independent)\"\n               data-src=\"http:\/\/jerzymaksymiuk.pl\/en\/wp-content\/blogs.dir\/2\/files\/reviews\/4.jpg\"\n               data-thumbnail=\"http:\/\/jerzymaksymiuk.pl\/en\/wp-content\/blogs.dir\/2\/files\/reviews\/thumbs\/thumbs_4.jpg\"\n               data-image-id=\"69\"\n               data-title=\"4. Anthony Payne (The Independent)\"\n               data-description=\"4. Anthony Payne (The Independent)\"\n               data-image-slug=\"4-anthony-payne-the-independent\"\n               class=\"ngg-fancybox\" rel=\"185c7f2dec16fc7d22c415032e34c14a\">\n                <img\n                    title=\"4. Anthony Payne (The Independent)\"\n                    alt=\"4. Anthony Payne (The Independent)\"\n                    src=\"http:\/\/jerzymaksymiuk.pl\/en\/wp-content\/blogs.dir\/2\/files\/reviews\/thumbs\/thumbs_4.jpg\"\n                    width=\"170\"\n                    height=\"170\"\n                    style=\"max-width:100%;\"\n                \/>\n            <\/a>\n        <\/div>\n\t\t\t\t\t\t\t<\/div> \n\t\t\t\n        \n\t\t\t\t<div id=\"ngg-image-10\" class=\"ngg-gallery-thumbnail-box\" >\n\t\t\t\t        <div class=\"ngg-gallery-thumbnail\">\n            <a href=\"http:\/\/jerzymaksymiuk.pl\/en\/wp-content\/blogs.dir\/2\/files\/reviews\/5.jpg\"\n               title=\"5. Hugh Young (The  Independent)\"\n               data-src=\"http:\/\/jerzymaksymiuk.pl\/en\/wp-content\/blogs.dir\/2\/files\/reviews\/5.jpg\"\n               data-thumbnail=\"http:\/\/jerzymaksymiuk.pl\/en\/wp-content\/blogs.dir\/2\/files\/reviews\/thumbs\/thumbs_5.jpg\"\n               data-image-id=\"70\"\n               data-title=\"5. Hugh Young (The  Independent)\"\n               data-description=\"5. Hugh Young (The  Independent)\"\n               data-image-slug=\"5-hugh-young-the-independent\"\n               class=\"ngg-fancybox\" rel=\"185c7f2dec16fc7d22c415032e34c14a\">\n                <img\n                    title=\"5. Hugh Young (The  Independent)\"\n                    alt=\"5. Hugh Young (The  Independent)\"\n                    src=\"http:\/\/jerzymaksymiuk.pl\/en\/wp-content\/blogs.dir\/2\/files\/reviews\/thumbs\/thumbs_5.jpg\"\n                    width=\"170\"\n                    height=\"170\"\n                    style=\"max-width:100%;\"\n                \/>\n            <\/a>\n        <\/div>\n\t\t\t\t\t\t\t<\/div> \n\t\t\t\n        \n\t\t\t\t<div id=\"ngg-image-11\" class=\"ngg-gallery-thumbnail-box\" >\n\t\t\t\t        <div class=\"ngg-gallery-thumbnail\">\n            <a href=\"http:\/\/jerzymaksymiuk.pl\/en\/wp-content\/blogs.dir\/2\/files\/reviews\/6.jpg\"\n               title=\"6. Michael Tumelty (The Herald )\"\n               data-src=\"http:\/\/jerzymaksymiuk.pl\/en\/wp-content\/blogs.dir\/2\/files\/reviews\/6.jpg\"\n               data-thumbnail=\"http:\/\/jerzymaksymiuk.pl\/en\/wp-content\/blogs.dir\/2\/files\/reviews\/thumbs\/thumbs_6.jpg\"\n               data-image-id=\"71\"\n               data-title=\"6. Michael Tumelty (The Herald )\"\n               data-description=\"6. Michael Tumelty (The Herald )\"\n               data-image-slug=\"6-michael-tumelty-the-herald\"\n               class=\"ngg-fancybox\" rel=\"185c7f2dec16fc7d22c415032e34c14a\">\n                <img\n                    title=\"6. Michael Tumelty (The Herald )\"\n                    alt=\"6. Michael Tumelty (The Herald )\"\n                    src=\"http:\/\/jerzymaksymiuk.pl\/en\/wp-content\/blogs.dir\/2\/files\/reviews\/thumbs\/thumbs_6.jpg\"\n                    width=\"170\"\n                    height=\"170\"\n                    style=\"max-width:100%;\"\n                \/>\n            <\/a>\n        <\/div>\n\t\t\t\t\t\t\t<\/div> \n\t\t\t\n        \n\t\t\t\t<div id=\"ngg-image-12\" class=\"ngg-gallery-thumbnail-box\" >\n\t\t\t\t        <div class=\"ngg-gallery-thumbnail\">\n            <a href=\"http:\/\/jerzymaksymiuk.pl\/en\/wp-content\/blogs.dir\/2\/files\/reviews\/7.jpg\"\n               title=\"7. Richard Fairman (Financial Times)\"\n               data-src=\"http:\/\/jerzymaksymiuk.pl\/en\/wp-content\/blogs.dir\/2\/files\/reviews\/7.jpg\"\n               data-thumbnail=\"http:\/\/jerzymaksymiuk.pl\/en\/wp-content\/blogs.dir\/2\/files\/reviews\/thumbs\/thumbs_7.jpg\"\n               data-image-id=\"72\"\n               data-title=\"7. Richard Fairman (Financial Times)\"\n               data-description=\"7. Richard Fairman (Financial Times)\"\n               data-image-slug=\"7-richard-fairman-financial-times\"\n               class=\"ngg-fancybox\" rel=\"185c7f2dec16fc7d22c415032e34c14a\">\n                <img\n                    title=\"7. Richard Fairman (Financial Times)\"\n                    alt=\"7. Richard Fairman (Financial Times)\"\n                    src=\"http:\/\/jerzymaksymiuk.pl\/en\/wp-content\/blogs.dir\/2\/files\/reviews\/thumbs\/thumbs_7.jpg\"\n                    width=\"170\"\n                    height=\"170\"\n                    style=\"max-width:100%;\"\n                \/>\n            <\/a>\n        <\/div>\n\t\t\t\t\t\t\t<\/div> \n\t\t\t\n        \n\t\t\t\t<div id=\"ngg-image-13\" class=\"ngg-gallery-thumbnail-box\" >\n\t\t\t\t        <div class=\"ngg-gallery-thumbnail\">\n            <a href=\"http:\/\/jerzymaksymiuk.pl\/en\/wp-content\/blogs.dir\/2\/files\/reviews\/8.jpg\"\n               title=\"8. Malcolm Hayes (The Daily Telegraph 1991)\"\n               data-src=\"http:\/\/jerzymaksymiuk.pl\/en\/wp-content\/blogs.dir\/2\/files\/reviews\/8.jpg\"\n               data-thumbnail=\"http:\/\/jerzymaksymiuk.pl\/en\/wp-content\/blogs.dir\/2\/files\/reviews\/thumbs\/thumbs_8.jpg\"\n               data-image-id=\"73\"\n               data-title=\"8. Malcolm Hayes (The Daily Telegraph 1991)\"\n               data-description=\"8. Malcolm Hayes (The Daily Telegraph 1991)\"\n               data-image-slug=\"8-malcolm-hayes-the-daily-telegraph-1991\"\n               class=\"ngg-fancybox\" rel=\"185c7f2dec16fc7d22c415032e34c14a\">\n                <img\n                    title=\"8. Malcolm Hayes (The Daily Telegraph 1991)\"\n                    alt=\"8. Malcolm Hayes (The Daily Telegraph 1991)\"\n                    src=\"http:\/\/jerzymaksymiuk.pl\/en\/wp-content\/blogs.dir\/2\/files\/reviews\/thumbs\/thumbs_8.jpg\"\n                    width=\"170\"\n                    height=\"170\"\n                    style=\"max-width:100%;\"\n                \/>\n            <\/a>\n        <\/div>\n\t\t\t\t\t\t\t<\/div> \n\t\t\t\n        \n\t\t\t\t<div id=\"ngg-image-14\" class=\"ngg-gallery-thumbnail-box\" >\n\t\t\t\t        <div class=\"ngg-gallery-thumbnail\">\n            <a href=\"http:\/\/jerzymaksymiuk.pl\/en\/wp-content\/blogs.dir\/2\/files\/reviews\/9.jpg\"\n               title=\"9. Anthony Payne (The Independent 7-08-1992)\"\n               data-src=\"http:\/\/jerzymaksymiuk.pl\/en\/wp-content\/blogs.dir\/2\/files\/reviews\/9.jpg\"\n               data-thumbnail=\"http:\/\/jerzymaksymiuk.pl\/en\/wp-content\/blogs.dir\/2\/files\/reviews\/thumbs\/thumbs_9.jpg\"\n               data-image-id=\"74\"\n               data-title=\"9. Anthony Payne (The Independent 7-08-1992)\"\n               data-description=\"9. Anthony Payne (The Independent 7-08-1992)\"\n               data-image-slug=\"9-anthony-payne-the-independent-7-08-1992\"\n               class=\"ngg-fancybox\" rel=\"185c7f2dec16fc7d22c415032e34c14a\">\n                <img\n                    title=\"9. Anthony Payne (The Independent 7-08-1992)\"\n                    alt=\"9. Anthony Payne (The Independent 7-08-1992)\"\n                    src=\"http:\/\/jerzymaksymiuk.pl\/en\/wp-content\/blogs.dir\/2\/files\/reviews\/thumbs\/thumbs_9.jpg\"\n                    width=\"170\"\n                    height=\"170\"\n                    style=\"max-width:100%;\"\n                \/>\n            <\/a>\n        <\/div>\n\t\t\t\t\t\t\t<\/div> \n\t\t\t\n        \n\t\t\n\t\t<div class=\"ngg-clear\"><\/div>\n\t<\/div>\n\n","protected":false},"excerpt":{"rendered":"<p>Selected reviews<\/p>\n","protected":false},"author":1,"featured_media":0,"parent":20,"menu_order":1,"comment_status":"open","ping_status":"open","template":"","meta":{"ngg_post_thumbnail":0,"footnotes":""},"class_list":["post-22","page","type-page","status-publish","hentry"],"_links":{"self":[{"href":"http:\/\/jerzymaksymiuk.pl\/en\/wp-json\/wp\/v2\/pages\/22","targetHints":{"allow":["GET"]}}],"collection":[{"href":"http:\/\/jerzymaksymiuk.pl\/en\/wp-json\/wp\/v2\/pages"}],"about":[{"href":"http:\/\/jerzymaksymiuk.pl\/en\/wp-json\/wp\/v2\/types\/page"}],"author":[{"embeddable":true,"href":"http:\/\/jerzymaksymiuk.pl\/en\/wp-json\/wp\/v2\/users\/1"}],"replies":[{"embeddable":true,"href":"http:\/\/jerzymaksymiuk.pl\/en\/wp-json\/wp\/v2\/comments?post=22"}],"version-history":[{"count":3,"href":"http:\/\/jerzymaksymiuk.pl\/en\/wp-json\/wp\/v2\/pages\/22\/revisions"}],"predecessor-version":[{"id":101,"href":"http:\/\/jerzymaksymiuk.pl\/en\/wp-json\/wp\/v2\/pages\/22\/revisions\/101"}],"up":[{"embeddable":true,"href":"http:\/\/jerzymaksymiuk.pl\/en\/wp-json\/wp\/v2\/pages\/20"}],"wp:attachment":[{"href":"http:\/\/jerzymaksymiuk.pl\/en\/wp-json\/wp\/v2\/media?parent=22"}],"curies":[{"name":"wp","href":"https:\/\/api.w.org\/{rel}","templated":true}]}}