{"id":16,"date":"2012-11-07T00:27:06","date_gmt":"2012-11-06T23:27:06","guid":{"rendered":"http:\/\/jerzymaksymiuk.pl\/en\/?page_id=16"},"modified":"2012-11-07T16:28:07","modified_gmt":"2012-11-07T15:28:07","slug":"compositions","status":"publish","type":"page","link":"http:\/\/jerzymaksymiuk.pl\/en\/compositions\/","title":{"rendered":"Compositions"},"content":{"rendered":"<h4><strong>Classical music<\/strong><\/h4>\n<p><strong>Trio smyczkowe<\/strong> (1966)<\/p>\n<p><strong>Poziom II<\/strong> na g\u0142os \u017ce\u0144ski i zesp\u00f3\u0142 kameralny (1966)<\/p>\n<p><strong>Continuum<\/strong> na fortepian (1966)<\/p>\n<p><strong>Epizody<\/strong> na orkiestr\u0119 kameraln\u0105 (1967)<\/p>\n<p><strong>Divertimento<\/strong> na orkiestr\u0119 (1967)<\/p>\n<p><strong>Momenti<\/strong> na orkiestr\u0119 kameraln\u0105 (1968)<\/p>\n<p><strong>Mouvements I-III<\/strong> na 2 fortepiany i 2 perkusje (1968)<\/p>\n<p><strong>Fortuna fortes adiuvant<\/strong> na ch\u00f3r dzieci\u0119cy i 2 orkiestry (1968)<\/p>\n<p><strong>Capriccio<\/strong> na 6 skrzypiec i wiolonczel\u0119 lub kontrabas (1969)<\/p>\n<p><strong>Impromptus II<\/strong> na flet, skrzypce, alt\u00f3wk\u0119, wiolonczel\u0119 i fortepian (1969)<\/p>\n<p><strong>Harmonia nattura<\/strong> na ch\u00f3r i zesp\u00f3\u0142 instrumentalny (1969)<\/p>\n<p><strong>Metafory<\/strong> na orkiestr\u0119 (1970)<\/p>\n<p><strong>L&#8217;action<\/strong> na orkiestr\u0119 (1970)<\/p>\n<p><strong>Capriccio<\/strong> na 6 skrzypiec i wiolonczel\u0119 lub kontrabas (1970)<\/p>\n<p><strong>Animacje II<\/strong> na skrzypce i fortepian (1971)<\/p>\n<p><strong>Metafrazy<\/strong>, balet (1971)<\/p>\n<p><strong>Decet<\/strong> na zesp\u00f3\u0142 instrumentalny (1971)<\/p>\n<p><strong>Habrokomes i Antia<\/strong>, balet (1972)<\/p>\n<p><strong>In medio vero omnium resident sol<\/strong>, balet (1972)<\/p>\n<p><strong>Oratorium O\u015bwi\u0119cimskie Auschwitz Oratorio<\/strong> (1975)tekst Alina Nowak<\/p>\n<p><strong>Ballada<\/strong> na smyczki (1978)<\/p>\n<p><strong>Za\u015bwit<\/strong> na g\u0142os i zesp\u00f3\u0142 instrumentalny (1998)<\/p>\n<p><strong>Arbor vitae<\/strong>, oratorium na g\u0142osy solowe, ch\u00f3r i orkiestr\u0119 (2002, 2006)<\/p>\n<p><strong>Intermezzo pastorale<\/strong> na orkiestr\u0119 (2002, 2006)<\/p>\n<p><strong>Czerwony ksi\u0119\u017cyc<\/strong>, cykl pie\u015bni na sopran i orkiestr\u0119 (2004)<\/p>\n<p><strong>Szepty i krzyk marze\u0144<\/strong> na wiolonczel\u0119 solo i orkiestr\u0119 kameraln\u0105 (2005)<\/p>\n<p><strong>Koncert na dwoje skrzypiec<\/strong> (2006)<\/p>\n<p><strong>Preludia na fortepian<\/strong> (2006)<\/p>\n<p><strong>Cztery kolory na dwoje skrzypiec i orkiestr\u0119 <\/strong>(2006)<\/p>\n<p><strong>Paderewski in memoriam<\/strong> na fortepian i orkiestr\u0119 (2007)<\/p>\n<p><strong>Wariacje Aleksandryjskie<\/strong> na klarnet solo (2007)<\/p>\n<p><strong>Struny \u017cycia<\/strong> na orkiestr\u0119 kameraln\u0105 (2007)<\/p>\n<p><strong>Muzyka na flet, harf\u0119 i orkiestr\u0119<\/strong> (2008)<\/p>\n<p>\u2026<strong>jeno lotom nie wzbraniaj..<\/strong> na organy i orkiestr\u0119 (2008)<\/p>\n<p><strong>Norwidiana<\/strong>, poemat symfoniczny na 2 soprany, mezzosopran i orkiestr\u0119 (2008)<\/p>\n<p><strong>Ave verum<\/strong> na ch\u00f3r (2009)<\/p>\n<p><strong>Fanfary morskie<\/strong> na orkiestr\u0119 (2009)<\/p>\n<p><strong>Li\u015bcie gdzieniegdzie spadaj\u0105ce<\/strong> na fortepian i orkiestr\u0119 kameraln\u0105 (2011)<\/p>\n<p><strong>Vivaldi w Bostonie<\/strong> na orkiestr\u0119 kameraln\u0105 (2011)<\/p>\n<p><strong>Lament serca<\/strong> na orkiestr\u0119, g\u0142os \u017ce\u0144ski, fortepian (2012)<\/p>\n<h4><strong>Instrumentations<\/strong><\/h4>\n<p><strong>Debussy: Dziewczyna o w\u0142osach jak len<\/strong> (instrumentacja na orkiestr\u0119 smyczkow\u0105)<\/p>\n<p><strong>Debussy: Kroki na \u015bniegu<\/strong> (instrumantacja na orkiestr\u0119 smyczkow\u0105)<\/p>\n<p><strong>Hiszpa\u0144ska pie\u015b\u0144 ludowa \u201eBarka\u201d<\/strong> (instrumantacja na g\u0142os ch\u0142opi\u0119cy, ch\u00f3r i orkiestr\u0119)<\/p>\n<p><strong>Ravel: Valses nobles et sentimentales<\/strong> (instrumentacja na orkiestr\u0119 smyczkow\u0105)<\/p>\n<h4><\/h4>\n<h4><strong>Film music<\/strong><\/h4>\n<p>Music for the movie <strong>Czarne skrzyd\u0142a<\/strong> w re\u017c. Ewy i Czes\u0142awa Petelskich (1962)<\/p>\n<p>Music for the movie <strong>Don Gabriel<\/strong> w re\u017c. Ewy i Czes\u0142awa Petelskich (1966)<\/p>\n<p>Music for the movie <strong>Dwa roczniki<\/strong> w re\u017c. Jerzego Dmowskiego (1966)<\/p>\n<p>Music for the movie <strong>Cze\u015b\u0107, kapitanie<\/strong> w re\u017c. Ewy i Czes\u0142awa Petelskich (1967)<\/p>\n<p>Music for the movie <strong>Duch z Canterville<\/strong> w re\u017c. Ewy i Czes\u0142awa Petelskich (1967)<\/p>\n<p>Music for the movie <strong>Wycieczka w nieznane<\/strong> w re\u017c. Jerzego Ziarnika (1967)<\/p>\n<p>Music for the movie <strong>Kwestia sumienia<\/strong> w re\u017c. Ewy i Czes\u0142awa Petelskich (1967)<\/p>\n<p>Music for the movie <strong>Tortura nadziei<\/strong> w re\u017c. Ewy i Czes\u0142awa Petelskich (1967)<\/p>\n<p>Music for the movie <strong>Pch\u0142a szachrajka<\/strong> w re\u017c. Zofii O\u0142dak (1967)<\/p>\n<p>Music for the movie <strong>Weekend<\/strong> w re\u017c. Bogdana Nowickiego (1967)<\/p>\n<p>Music for the movie <strong>Spacer w\u015br\u00f3d chmur<\/strong> w re\u017c. Janusza Kidawy (1967)<\/p>\n<p>Music for the movie <strong>B\u0105d\u017a przez p\u00f3\u0142 godziny Polakiem<\/strong> w re\u017c. W\u0142odzimierza Pomianowskiego (1967)<\/p>\n<p>Music for the movie <strong>Anio\u0142y z Bizancjum<\/strong> w re\u017c. Aleksandry Jask\u00f3lskiej (1967)<\/p>\n<p>Music for the movie <strong>Bia\u0142e g\u00f3ry<\/strong> w re\u017c. Kazimierza Muchy (1967)<\/p>\n<p>Music for the movie <strong>Mazur kajdaniarski<\/strong> w re\u017c. Andrzeja Szczyg\u0142a (1967)<\/p>\n<p>Music for the movie <strong>Jan Henryk D\u0105browski<\/strong> w re\u017c. Krystyny Dobrowolskiej (1967)<\/p>\n<p>Music for the movie <strong>O rewolucji niech m\u00f3wi\u0105 plakaty<\/strong> w re\u017c. Kazimierza Muchy (1967)<\/p>\n<p>Music for the movie <strong>Zamech<\/strong> w re\u017c. Jerzego Jaraczewskiego (1967)<\/p>\n<p>Music for the movie <strong>Zakopane x 3<\/strong> w re\u017c. Sergiusza Sprudina (1967)<\/p>\n<p>Music for the movie <strong>Zaliczenie<\/strong> w re\u017c. Krzysztofa Zanussiego (1968)<\/p>\n<p>Music for the movie <strong>Herold<\/strong> w re\u017c. Bohdana Kosi\u0144skiego (1968)<\/p>\n<p>Music for the movie <strong>Letni koncert<\/strong> w re\u017c. Krystyny Dobrowolskiej (1968)<\/p>\n<p>Music for the movie <strong>Plakat wielkich idei<\/strong> w re\u017c. Kazimierza Muchy (1968)<\/p>\n<p>Music for the movie <strong>W zakl\u0119tym kr\u0119gu<\/strong> w re\u017c. Jerzego Ziarnika (1968)<\/p>\n<p>Music for the movie <strong>Rzeczna<\/strong> w re\u017c. Ireny Kamie\u0144skiej (1968)<\/p>\n<p>Music for the movie <strong>Protest 68<\/strong> w re\u017c. Krzysztofa Gradowskiego (1968)<\/p>\n<p>Music for the movie <strong>Gienek<\/strong> w re\u017c. Jana \u0141omnickiego (1968)<\/p>\n<p>Music for the movie <strong>273 dni poni\u017cej zera<\/strong> w re\u017c. Jerzy Bossaka (1968)<\/p>\n<p>Music for the movie <strong>Jarz\u0119bina czerwona<\/strong> w re\u017c. Ewy i Czes\u0142awa Petelskich (1969)<\/p>\n<p>Music for the movie <strong>Podr\u00f3\u017cni jak inni<\/strong> w re\u017c. Wojciecha Marczewskiego (1969)<\/p>\n<p>Music for the movie <strong>Zwei Stimmen<\/strong> w re\u017c. Tadeusz Makarczy\u0144skiego (1969)<\/p>\n<p>Music for the movie <strong>Cracovia<\/strong> w re\u017c. W\u0142adys\u0142awa Forberta (1969)<\/p>\n<p>Music for the movie <strong>Wroc\u0142awska opowie\u015b\u0107<\/strong> w re\u017c. Witolda Lesiewicza (1969)<\/p>\n<p>Music for the movie <strong>I taka jest Warszawa<\/strong> w re\u017c. Krystyny Dobrowolskiej (1969)<\/p>\n<p>Music for the movie <strong>Toast<\/strong> w re\u017c. Jana \u0141omnickiego (1969)<\/p>\n<p>Music for the movie <strong>Kili\u0144szczacy<\/strong> w re\u017c. Jerzego Ziarnika (1969)<\/p>\n<p>Music for the movie <strong>Polonez<\/strong> w re\u017c. Krzysztofa Gradowskiego (1969)<\/p>\n<p>Music for the movie <strong>Tak si\u0119 zacz\u0119\u0142o<\/strong> w re\u017c. Bohdana Kosi\u0144skiego (1970)<\/p>\n<p>Music for the movie <strong>Najlepszy kolega<\/strong> w re\u017c. Andrzeja Trzos-Rastawieckiego (1970)<\/p>\n<p>Music for the movie <strong>Pan Dodek<\/strong> w re\u017c. Jana \u0141omnickiego (1970)<\/p>\n<p>Music for the movie <strong>Pu\u0142apka<\/strong> w re\u017c. Andrzeja J. Piotrowskiego (1970)<\/p>\n<p>Music for the movie <strong>Ziarno<\/strong> w re\u017c. Krzysztofa Raynocha (1970)<\/p>\n<p>Music for the movie <strong>Pali\u0107 czy nie pali\u0107<\/strong> w re\u017c. Jana Tkaczyka (1970)<\/p>\n<p>Music for the movie <strong>Fakty i ludzie<\/strong> w re\u017c. Roberta Stando (1970)<\/p>\n<p>Music for the movie <strong>Pozna\u0144 1939-42<\/strong> w re\u017c. Antoniego Sta\u015bkiewicza (1970)<\/p>\n<p>Music for the movie <strong>Dwaj \u017co\u0142nierze<\/strong> w re\u017c. Krzysztofa Gradowskiego (1970)<\/p>\n<p>Music for the movie <strong>Champion<\/strong> w re\u017c. Andrzeja Trzos-Rastawieckiego (1970)<\/p>\n<p>Music for the movie <strong>Oczami przyjaci\u00f3\u0142<\/strong> w re\u017c. Ludwika Perskiego i Leonida Machnacza (1970)<\/p>\n<p>Music for the movie <strong>M\u0142odzi z Brz\u00f3zy<\/strong> w re\u017c. Danuty Halladin (1970)<\/p>\n<p>Music for the movie <strong>Do kroniki Krakowa<\/strong> w re\u017c. Mariana Duszy\u0144skiego (1970)<\/p>\n<p>Music for the movie <strong>Martwa natura<\/strong> w re\u017c. Marka Wortmana (1970)<\/p>\n<p>Music for the movie <strong>Godzina 11:15<\/strong> w re\u017c. Ludwika Perskiego (1970)<\/p>\n<p>Music for the movie <strong>Losy zamku, losy kraju<\/strong> w re\u017c. Ludwika Perskiego (1970)<\/p>\n<p>Music for the movie <strong>Funkcja<\/strong> w re\u017c. Jerzego Jaraczewskiego (1970)<\/p>\n<p>Music for the movie <strong>Pegeerowcy<\/strong> w re\u017c. Krystyny Grycze\u0142owskiej (1970)<\/p>\n<p>Music for the movie <strong>Pory roku<\/strong> w re\u017c. Jana \u0141omnickiego (1970)<\/p>\n<p>Music for the movie <strong>Wszystkie nasze ko\u0144skie sprawy<\/strong> w re\u017c. Jana \u0141omnickiego (1970)<\/p>\n<p>Music for the movie <strong>Polak jako taki<\/strong> w re\u017c. Jana \u0141omnickiego (1970)<\/p>\n<p>Music for the movie <strong>Pami\u0119\u0107<\/strong> w re\u017c. Jana \u0141omnickiego (1970)<\/p>\n<p>Music for the movie <strong>Polska przemienionych ko\u0142odziej\u00f3w<\/strong> w re\u017c. Jana \u0141omnickiego (1970)<\/p>\n<p>Music for the movie <strong>Obcy w lesie<\/strong> w re\u017c. Sylwestera Szyszko (1971)<\/p>\n<p>Music for the movie <strong>Figurki z saskiej porcelany<\/strong> w re\u017c. Krystyny Dobrowolskiej (1971)<\/p>\n<p>Music for the movie <strong>Degustacja<\/strong> w re\u017c. Jana Janczaka (1971)<\/p>\n<p>Music for the movie <strong>Myszka<\/strong> w re\u017c. Stefana Janika (1971)<\/p>\n<p>Music for the movie <strong>Bachleda<\/strong> w re\u017c. Zbigniewa Raplewskiego (1971)<\/p>\n<p>Music for the movie <strong>Kowal z Gutanowa<\/strong> w re\u017c. W\u0142odzimierza Pomianowskiego (1971)<\/p>\n<p>Music for the movie <strong>Maraton<\/strong> w re\u017c. Tadeusza Makarczy\u0144skiego (1971)<\/p>\n<p>Music for the movie <strong>Osadnicy<\/strong> w re\u017c. Ewy Kruk (1971)<\/p>\n<p>Music for the movie <strong>Sceny z \u017cycia kapitana<\/strong> w re\u017c. Marii Kwiatkowskiej (1971)<\/p>\n<p>Music for the movie <strong>Wznosz\u0119 pomnik<\/strong> w re\u017c. Jerzego Jaraczewskiego (1971)<\/p>\n<p>Music for the movie <strong>Jacy b\u0119dziemy<\/strong> w re\u017c. Jerzego Kadena (1971)<\/p>\n<p>Music for the movie <strong>U progu nowej ery<\/strong> w re\u017c. Jerzego Kadena (1971)<\/p>\n<p>Music for the movie <strong>Opowie\u015b\u0107<\/strong> w re\u017c. Marka Wortmana (1972)<\/p>\n<p>Music for the movie <strong>Kopernik<\/strong> w re\u017c. Ewy i Czes\u0142awa Petelskich (1972)<\/p>\n<p>Music for the movie <strong>Sierra Costa Lima<\/strong> w re\u017c. J\u00f3zefa Bakalarskiego (1972)<\/p>\n<p>Music for the movie <strong>Bia\u0142o-czerwona na Huascaran<\/strong> w re\u017c. J\u00f3zefa Bakalarskiego (1972)<\/p>\n<p>Music for the movie <strong>Gdynia 72<\/strong> w re\u017c. Sergiusza Sprudina (1972)<\/p>\n<p>Music for the movie <strong>Antonio Gaudi<\/strong> w re\u017c. Juliusza Janickiego (1972)<\/p>\n<p>Music for the movie <strong>Fundamenty<\/strong> w re\u017c. Jerzego Jaraczewskiego (1972)<\/p>\n<p>Music for the movie <strong>Czas \u017cywych<\/strong> w re\u017c. Jerzego Jaraczewskiego (1972)<\/p>\n<p>Music for the movie <strong>Poch\u00f3d<\/strong> w re\u017c. Tadeusza Makarczy\u0144skiego (1972)<\/p>\n<p>Music for the movie <strong>Jerzy Krawczyk: 1921-1969<\/strong> w re\u017c. Kazimierza Muchy (1972)<\/p>\n<p>Music for the movie <strong>Ciemna rzeka<\/strong> w re\u017c. Sylwestera Szyszko (1973)<\/p>\n<p>Music for the movie <strong>Sanatorium pod Klepsydr\u0105<\/strong> w re\u017c. <a href=\"http:\/\/www.culture.pl\/baza-film-pelna-tresc\/-\/eo_event_asset_publisher\/eAN5\/content\/wojciech-jerzy-has\"><strong>Wojciecha Jerzego Hasa<\/strong><\/a> (1973)<\/p>\n<p>Music for the movie <strong>Zasieki<\/strong> w re\u017c. Andrzeja J. Piotrowskiego (1973)<\/p>\n<p>Music for the movie <strong>Z dziej\u00f3w walk Batalion\u00f3w Ch\u0142opskich<\/strong> w re\u017c. Zygmunta Adamskiego (1973)<\/p>\n<p>Music for the movie <strong>Pasowani<\/strong> w re\u017c. Mariana Duszy\u0144skiego (1973)<\/p>\n<p>Music for the movie <strong>Harcerze \u015al\u0105scy<\/strong> w re\u017c. Antoniego Sta\u015bkiewicza (1973)<\/p>\n<p>Music for the movie <strong>Trudne powroty<\/strong> w re\u017c. Marka Wortmana (1973)<\/p>\n<p>Music for the movie <strong>Plac Zamkowy nr 4<\/strong> w re\u017c. <a href=\"http:\/\/www.culture.pl\/baza-film-pelna-tresc\/-\/eo_event_asset_publisher\/eAN5\/content\/ludwik-perski\"><strong>Ludwika Perskiego<\/strong><\/a> (1973)<\/p>\n<p>Music for the movie <strong>Droga do pacjenta<\/strong> w re\u017c. Krzysztofa Gradowskiego (1973)<\/p>\n<p>Music for the movie <strong>Gniazdo<\/strong> w re\u017c. Jana Rybkowskiego (1974)<\/p>\n<p>Music for the movie <strong>Nicponie<\/strong> w re\u017c. Leokadii Migielskiej (1974)<\/p>\n<p>Music for the movie <strong>Kalendarz warszawski<\/strong> w re\u017c. Tadeusza Makarczy\u0144skiego (1974)<\/p>\n<p>Music for the movie <strong>Kazimierz Wielki<\/strong> w re\u017c. Ewy i Czes\u0142awa Petelskich (1975)<\/p>\n<p>Music for the movie <strong>Trzy kolekcje<\/strong> w re\u017c. <a href=\"http:\/\/www.culture.pl\/baza-film-pelna-tresc\/-\/eo_event_asset_publisher\/eAN5\/content\/irena-kamienska\"><strong>Ireny Kamie\u0144skiej<\/strong><\/a> (1975)<\/p>\n<p>Music for the movie <strong>&#8230; Gdziekolwiek jeste\u015b, Panie Prezydencie &#8230;<\/strong> w re\u017c. Andrzeja Trzos-Rastawieckiego (1978)<\/p>\n<p>Music for the movie <strong>Bilet powrotny<\/strong> w re\u017c. Ewy i Czes\u0142awa Petelskich (1978)<\/p>\n<p>Music for the movie <strong>Pr\u00f3ba ognia i wody<\/strong> w re\u017c. W\u0142odzimierza Olszewskiego (1978)<\/p>\n<p>Music for the movie <strong>Sto koni do stu brzeg\u00f3w<\/strong> w re\u017c. Zbigniewa Ku\u017ami\u0144skiego (1978)<\/p>\n<p>Music for the movie <strong>Biostymulacja<\/strong> w re\u017c. Wac\u0142awa Florkowskiego (1978)<\/p>\n<p>Music for the movie <strong>Na w\u0142asn\u0105 pro\u015bb\u0119<\/strong> w re\u017c. Ewy i Czes\u0142awa Petelskich (1979)<\/p>\n<p>Music for the movie <strong>Strachy<\/strong> w re\u017c. Stanis\u0142awa Lenartowicza (1979)<\/p>\n<p>Music for the movie <strong>\u015ani\u0107 we \u015bnie<\/strong> w re\u017c. Janusza Nasfetera (1979)<\/p>\n<p>Music for the movie <strong>Opowie\u015b\u0107 o zwyczajnym mie\u015bcie<\/strong> w re\u017c. Tadeusza Makarczy\u0144skiego (1979)<\/p>\n<p>Music for the movie <strong>Urodziny m\u0142odego warszawiaka<\/strong> w re\u017c. Ewy i Czes\u0142awa Petelskich (1980)<\/p>\n<p>Music for the movie <strong>Bo\u0142dyn<\/strong> w re\u017c. Ewy i Czes\u0142awa Petelskich (1981)<\/p>\n<p>Music for the movie <strong>Nieciekawa historia<\/strong> w re\u017c. Wojciecha Jerzego Hasa (1982)<\/p>\n<p>Music for the movie <strong>Popielec<\/strong> w re\u017c. Ryszarda Bera (1982)<\/p>\n<p>Music for the movie <strong>Pastorale heroica<\/strong> w re\u017c. Henryka Bielskiego (1983)<\/p>\n<p>Music for the movie <strong>Kamienne tablice<\/strong> w re\u017c. Ewy i Czes\u0142awa Petelskich (1983)<\/p>\n<p>Music for the movie <strong>Szkoda twoich \u0142ez<\/strong> w re\u017c. Stanis\u0142awa Lenartowicza (1983)<\/p>\n<p>Music for the movie <strong>Pismak<\/strong> w re\u017c. Wojciecha Jerzego Hasa (1984)<\/p>\n<p>Music for the movie <strong>Kim jest ten cz\u0142owiek<\/strong> w re\u017c. Ewy i Czes\u0142awa Petelskich (1984)<\/p>\n<p>Music for the movie (wsp\u00f3\u0142tw\u00f3rca) <strong>Chopin. Pragnienie mi\u0142o\u015bci<\/strong> w re\u017c. Jerzego Antczaka (2002)<\/p>\n<p>Music for the movie <strong>Mania<\/strong> w re\u017c. Eugena Illesa (2012)<\/p>\n","protected":false},"excerpt":{"rendered":"<p>Classical music Trio smyczkowe (1966) Poziom II na g\u0142os \u017ce\u0144ski i zesp\u00f3\u0142 kameralny (1966) Continuum na fortepian (1966) Epizody na orkiestr\u0119 kameraln\u0105 (1967) Divertimento na orkiestr\u0119 (1967) Momenti na orkiestr\u0119 kameraln\u0105 (1968) Mouvements I-III na 2 fortepiany i 2 perkusje (1968) Fortuna fortes adiuvant na ch\u00f3r dzieci\u0119cy i 2 orkiestry (1968) Capriccio na 6 skrzypiec [&hellip;]<\/p>\n","protected":false},"author":1,"featured_media":95,"parent":0,"menu_order":4,"comment_status":"open","ping_status":"open","template":"","meta":{"ngg_post_thumbnail":0,"footnotes":""},"class_list":["post-16","page","type-page","status-publish","has-post-thumbnail","hentry"],"_links":{"self":[{"href":"http:\/\/jerzymaksymiuk.pl\/en\/wp-json\/wp\/v2\/pages\/16","targetHints":{"allow":["GET"]}}],"collection":[{"href":"http:\/\/jerzymaksymiuk.pl\/en\/wp-json\/wp\/v2\/pages"}],"about":[{"href":"http:\/\/jerzymaksymiuk.pl\/en\/wp-json\/wp\/v2\/types\/page"}],"author":[{"embeddable":true,"href":"http:\/\/jerzymaksymiuk.pl\/en\/wp-json\/wp\/v2\/users\/1"}],"replies":[{"embeddable":true,"href":"http:\/\/jerzymaksymiuk.pl\/en\/wp-json\/wp\/v2\/comments?post=16"}],"version-history":[{"count":3,"href":"http:\/\/jerzymaksymiuk.pl\/en\/wp-json\/wp\/v2\/pages\/16\/revisions"}],"predecessor-version":[{"id":97,"href":"http:\/\/jerzymaksymiuk.pl\/en\/wp-json\/wp\/v2\/pages\/16\/revisions\/97"}],"wp:featuredmedia":[{"embeddable":true,"href":"http:\/\/jerzymaksymiuk.pl\/en\/wp-json\/wp\/v2\/media\/95"}],"wp:attachment":[{"href":"http:\/\/jerzymaksymiuk.pl\/en\/wp-json\/wp\/v2\/media?parent=16"}],"curies":[{"name":"wp","href":"https:\/\/api.w.org\/{rel}","templated":true}]}}